{"id":654,"date":"2025-06-23T09:55:42","date_gmt":"2025-06-23T12:55:42","guid":{"rendered":"https:\/\/blog.reginasalomao.com.br\/?page_id=654"},"modified":"2025-06-23T11:07:18","modified_gmt":"2025-06-23T14:07:18","slug":"colecoes","status":"publish","type":"page","link":"https:\/\/blog.reginasalomao.com.br\/?page_id=654","title":{"rendered":"COLE\u00c7\u00d5ES"},"content":{"rendered":"<div data-colibri-id=\"654-c1\" class=\"style-543 style-local-654-c1 position-relative\">\n  <!---->\n  <div data-colibri-component=\"section\" data-colibri-id=\"654-c2\" id=\"about\" class=\"h-section h-section-global-spacing d-flex align-items-lg-center align-items-md-center align-items-center style-544 style-local-654-c2 position-relative\">\n    <!---->\n    <!---->\n    <div class=\"h-section-grid-container h-section-boxed-container\">\n      <div data-colibri-id=\"654-c7\" class=\"h-row-container gutters-row-lg-2 gutters-row-md-2 gutters-row-2 gutters-row-v-lg-2 gutters-row-v-md-2 gutters-row-v-2 style-549 style-local-654-c7 position-relative\">\n        <!---->\n        <div class=\"h-row justify-content-lg-center justify-content-md-center justify-content-center align-items-lg-stretch align-items-md-stretch align-items-stretch gutters-col-lg-2 gutters-col-md-2 gutters-col-2 gutters-col-v-lg-2 gutters-col-v-md-2 gutters-col-v-2\">\n          <!---->\n          <div class=\"h-column h-column-container d-flex h-col-lg-auto h-col-md-auto h-col-auto style-550-outer style-local-654-c8-outer\">\n            <div data-colibri-id=\"654-c8\" class=\"d-flex h-flex-basis h-column__inner h-px-lg-2 h-px-md-2 h-px-2 v-inner-lg-2 v-inner-md-2 v-inner-2 style-550 style-local-654-c8 position-relative\">\n              <!---->\n              <!---->\n              <div class=\"w-100 h-y-container h-column__content h-column__v-align flex-basis-100 align-self-lg-start align-self-md-start align-self-start\">\n                <!---->\n                <div data-colibri-id=\"654-c9\" class=\"h-global-transition-all h-heading style-551 style-local-654-c9 position-relative h-element\">\n                  <!---->\n                  <div class=\"h-heading__outer style-551 style-local-654-c9\">\n                    <!---->\n                    <!---->\n                    <h5 class=\"\">INVERNO 2025<\/h5>\n                  <\/div>\n                <\/div>\n                <div data-colibri-id=\"654-c10\" class=\"h-global-transition-all h-heading style-552 style-local-654-c10 position-relative h-element\">\n                  <!---->\n                  <div class=\"h-heading__outer style-552 style-local-654-c10\">\n                    <!---->\n                    <!---->\n                    <h2 class=\"\">SCAPE<\/h2>\n                  <\/div>\n                <\/div>\n                <div data-colibri-id=\"654-c11\" class=\"h-lead h-text h-text-component style-553 style-local-654-c11 position-relative h-element\">\n                  <!---->\n                  <!---->\n                  <div class=\"\">\n                    <p>A cole\u00e7\u00e3o <strong>Scape<\/strong> prop\u00f5e uma pausa no ritmo acelerado da vida para reconectar com o essencial. Inspirada no conceito de escapismo consciente, <em>Scape<\/em> traduz, em forma e textura, o desejo de desacelerar e viver\n                      com mais verdade.<\/p>\n                    <p>Dividida em c\u00e1psulas tem\u00e1ticas, a cole\u00e7\u00e3o acompanha uma jornada emocional que come\u00e7a na fuga (Scape), passa pela descoberta (The Trip), pelo equil\u00edbrio e termina no reconhecimento de si (Reflexo). Cada pe\u00e7a representa um cap\u00edtulo dessa\n                      caminhada interior, com alfaiataria fluida, tecidos sofisticados e uma paleta que vai dos tons terrosos ao verde escuro, com pontos de luz em vermelho queimado.<\/p>\n                    <p><em>Scape<\/em> \u00e9 mais do que moda: \u00e9 um manifesto da liberdade, autoconhecimento e estilo atemporal para mulheres que vivem com inten\u00e7\u00e3o.<\/p>\n                  <\/div>\n                <\/div>\n                <div data-colibri-id=\"654-c12\" class=\"h-x-container style-554 style-local-654-c12 position-relative h-element\">\n                  <!---->\n                  <div class=\"h-x-container-inner style-dynamic-654-c12-group style-554-spacing style-local-654-c12-spacing\"><span class=\"h-button__outer style-555-outer style-local-654-c13-outer d-inline-flex h-element\"><a h-use-smooth-scroll=\"true\" href=\"https:\/\/www.reginasalomao.com.br\/newin\"  data-colibri-id=\"654-c13\" class=\"d-flex w-100 align-items-center h-button justify-content-lg-center justify-content-md-center justify-content-center style-555 style-local-654-c13 position-relative\"><!----><!----> <span>Conhe\u00e7a nossa cole\u00e7\u00e3o<\/span><\/a>\n                    <\/span>\n                  <\/div>\n                <\/div>\n              <\/div>\n            <\/div>\n          <\/div>\n        <\/div>\n      <\/div>\n      <div data-colibri-id=\"654-c3\" class=\"h-row-container gutters-row-lg-0 gutters-row-md-0 gutters-row-0 gutters-row-v-lg-0 gutters-row-v-md-0 gutters-row-v-0 style-545 style-local-654-c3 h-overflow-hidden position-relative\">\n        <!---->\n        <div class=\"h-row justify-content-lg-center justify-content-md-center justify-content-center align-items-lg-end align-items-md-end align-items-end gutters-col-lg-0 gutters-col-md-0 gutters-col-0 gutters-col-v-lg-0 gutters-col-v-md-0 gutters-col-v-0\">\n          <!---->\n          <div class=\"h-column h-column-container d-flex h-col-lg-auto h-col-md-auto h-col-auto align-self-lg-end align-self-md-end align-self-end style-546-outer style-local-654-c4-outer\">\n            <div data-colibri-id=\"654-c4\" class=\"d-flex h-flex-basis h-column__inner h-ui-empty-state-container h-px-lg-0 h-px-md-0 h-px-0 v-inner-lg-0 v-inner-md-0 v-inner-0 style-546 style-local-654-c4 position-relative\">\n              <!---->\n              <!---->\n              <div class=\"w-100 h-y-container h-column__content h-column__v-align flex-basis-100\">\n                <!---->\n              <\/div>\n            <\/div>\n          <\/div>\n          <div class=\"h-column h-column-container d-flex h-col-lg-auto h-col-md-auto h-col-auto align-self-lg-end align-self-md-end align-self-end style-547-outer style-local-654-c5-outer\">\n            <div data-colibri-id=\"654-c5\" class=\"d-flex h-flex-basis h-column__inner h-ui-empty-state-container h-px-lg-0 h-px-md-0 h-px-0 v-inner-lg-0 v-inner-md-0 v-inner-0 style-547 style-local-654-c5 position-relative\">\n              <!---->\n              <!---->\n              <div class=\"w-100 h-y-container h-column__content h-column__v-align flex-basis-100\">\n                <!---->\n              <\/div>\n            <\/div>\n          <\/div>\n          <div class=\"h-column h-column-container d-flex h-col-lg-auto h-col-md-auto h-col-auto align-self-lg-end align-self-md-end align-self-end style-548-outer style-local-654-c6-outer\">\n            <div data-colibri-id=\"654-c6\" class=\"d-flex h-flex-basis h-column__inner h-ui-empty-state-container h-px-lg-0 h-px-md-0 h-px-0 v-inner-lg-0 v-inner-md-0 v-inner-0 style-548 style-local-654-c6 position-relative\">\n              <!---->\n              <!---->\n              <div class=\"w-100 h-y-container h-column__content h-column__v-align flex-basis-100\">\n                <!---->\n              <\/div>\n            <\/div>\n          <\/div>\n        <\/div>\n      <\/div>\n    <\/div>\n  <\/div>\n<\/div>","protected":false},"excerpt":{"rendered":"<p>INVERNO 2025 SCAPE A cole\u00e7\u00e3o Scape prop\u00f5e uma pausa no ritmo acelerado da [&hellip;]<\/p>\n","protected":false},"author":1,"featured_media":0,"parent":0,"menu_order":0,"comment_status":"closed","ping_status":"closed","template":"page-templates\/full-width-page.php","meta":{"footnotes":""},"class_list":["post-654","page","type-page","status-publish","hentry"],"_links":{"self":[{"href":"https:\/\/blog.reginasalomao.com.br\/index.php?rest_route=\/wp\/v2\/pages\/654","targetHints":{"allow":["GET"]}}],"collection":[{"href":"https:\/\/blog.reginasalomao.com.br\/index.php?rest_route=\/wp\/v2\/pages"}],"about":[{"href":"https:\/\/blog.reginasalomao.com.br\/index.php?rest_route=\/wp\/v2\/types\/page"}],"author":[{"embeddable":true,"href":"https:\/\/blog.reginasalomao.com.br\/index.php?rest_route=\/wp\/v2\/users\/1"}],"replies":[{"embeddable":true,"href":"https:\/\/blog.reginasalomao.com.br\/index.php?rest_route=%2Fwp%2Fv2%2Fcomments&post=654"}],"version-history":[{"count":5,"href":"https:\/\/blog.reginasalomao.com.br\/index.php?rest_route=\/wp\/v2\/pages\/654\/revisions"}],"predecessor-version":[{"id":764,"href":"https:\/\/blog.reginasalomao.com.br\/index.php?rest_route=\/wp\/v2\/pages\/654\/revisions\/764"}],"wp:attachment":[{"href":"https:\/\/blog.reginasalomao.com.br\/index.php?rest_route=%2Fwp%2Fv2%2Fmedia&parent=654"}],"curies":[{"name":"wp","href":"https:\/\/api.w.org\/{rel}","templated":true}]}}